{"id":8482,"date":"2024-06-17T17:45:47","date_gmt":"2024-06-17T15:45:47","guid":{"rendered":"https:\/\/www.masblanchijove.com\/?post_type=product&#038;p=8482"},"modified":"2024-06-17T19:45:52","modified_gmt":"2024-06-17T17:45:52","slug":"mejias","status":"publish","type":"product","link":"https:\/\/www.masblanchijove.com\/en\/producte\/mejias\/","title":{"rendered":"Entrance ticket &#8211; July 6th at 19:30h: Dinner + party at The Artists\u2019 Vineyard"},"content":{"rendered":"<div class=\"fusion-fullwidth fullwidth-box fusion-builder-row-1 nonhundred-percent-fullwidth non-hundred-percent-height-scrolling\" style=\"--awb-border-radius-top-left:0px;--awb-border-radius-top-right:0px;--awb-border-radius-bottom-right:0px;--awb-border-radius-bottom-left:0px;--awb-flex-wrap:wrap;\" ><div class=\"fusion-builder-row fusion-row\"><div class=\"fusion-layout-column fusion_builder_column fusion-builder-column-0 fusion_builder_column_1_1 1_1 fusion-one-full fusion-column-first fusion-column-last\" style=\"--awb-bg-size:cover;--awb-margin-bottom:0px;\"><div class=\"fusion-column-wrapper fusion-flex-column-wrapper-legacy\"><div class=\"fusion-text fusion-text-1\"><div class=\"fusion-text\">\n<p>A UNIQUE EXPERIENCE IN THE MAS BLANCH I JOV\u00c9 WINERY<br \/>\nSaturday, July 6th<\/p>\n<p>The Artists\u2019 Vineyard is a unique place in the region of Les Garrigues, where large sculptural pieces and different artistic installations coexist among vineyards and olive groves. For the past 14 years, a new work has been added to this original open-air museum every summer, and an event has been organized to celebrate it. This year it will be held on Saturday 6 July at 7:30pm and the work of Cristina Mej\u00edas, the \u201cOtro es el r\u00edo que persigo\u201d, will be inaugurated at La Vinya dels Artistes by Mas Blanch i Jov\u00e9.<\/p>\n<p>The evening will be very special, with a pleasant reception at the winery and a dinner in the middle of the vineyards paired with Sa\u00f3 wines from Celler Mas Blanch i Jov\u00e9. You can also enjoy a theatre performance by V\u00edctor Colmenero.<\/p>\n<p>The price of the ticket includes the reception with a small aperitif and wines, the show, the dinner paired with Sa\u00f3 wines and the concert.<\/p>\n<p>Remember that 1 ticket (\u20ac 45) allows access for 1 person. TICKETS SHOULD BE BOUGHT IN ADVANCE. Tickets will not be available on the day of the party.<\/p>\n<p>PROGRAM<\/p>\n<p>7:30 PM &#8211; Reception and wine tasting<\/p>\n<p>8:15 PM &#8211; Activation &#8220;Field of Fennel&#8221; by V\u00edctor Colmenero Mir<\/p>\n<p>9:45 PM &#8211; Dinner at the No-Res del Tot amphitheater by Joan Brossa, paired with Mas Blanch i Jov\u00e9 wines<\/p>\n<p>12:00 AM &#8211; End of the party<\/p>\n<p>THE ARTISTS&#8217; VINEYARD<br \/>\nThe Artists\u2019 Vineyard began as a thought of our friend Guinovart, who imagined an open space where different artists could mark the landscape with their own language: an open-air exhibition hall that fused earth, art and wine. We dedicated it to Guinovart in the year 0. His sculpture \u201cThe Countryside&#8217;s Organ\u201d remains in the middle of the vineyard so that the wind has an instrument to sing to the vines.<\/p>\n<\/div>\n<\/div><div class=\"fusion-clearfix\"><\/div><\/div><\/div><\/div><\/div>\n","protected":false},"excerpt":{"rendered":"<p>Do you know what ruralglam means? Come and enjoy the most special night of this summer&#8230;<\/p>\n","protected":false},"featured_media":4329,"template":"","meta":[],"product_brand":[],"product_cat":[139],"product_tag":[141,142],"class_list":{"0":"post-8482","1":"product","2":"type-product","3":"status-publish","4":"has-post-thumbnail","6":"product_cat-events-en","7":"product_tag-harvest","8":"product_tag-ticket","10":"first","11":"outofstock","12":"virtual","13":"purchasable","14":"product-type-simple"},"yoast_head":"<!-- This site is optimized with the Yoast SEO plugin v27.4 - https:\/\/yoast.com\/product\/yoast-seo-wordpress\/ -->\n<title>Cristina Mej\u00edas, the protagonist of Year 13 at the Artists&#039; Vineyard<\/title>\n<meta name=\"description\" content=\"A UNIQUE EXPERIENCE IN THE MAS BLANCH I JOV\u00c9 WINERY. Saturday, July 6th. The work &quot;Otro es el r\u00edo que persigo\u201d de Cristina Mej\u00edas, will be inaugurated at The Artists&#039; Vineyard. The evening will be very special, with a pleasant reception at the winery and a dinner in the middle of the vineyards paired with Sa\u00f3 wines from Celler Mas Blanch and Jov\u00e9.\" \/>\n<meta name=\"robots\" content=\"index, follow, max-snippet:-1, max-image-preview:large, max-video-preview:-1\" \/>\n<link rel=\"canonical\" href=\"https:\/\/www.masblanchijove.com\/en\/producte\/mejias\/\" \/>\n<meta property=\"og:locale\" content=\"en_US\" \/>\n<meta property=\"og:type\" content=\"article\" \/>\n<meta property=\"og:title\" content=\"Cristina Mej\u00edas, the protagonist of Year 13 at the Artists&#039; Vineyard\" \/>\n<meta property=\"og:description\" content=\"A UNIQUE EXPERIENCE IN THE MAS BLANCH I JOV\u00c9 WINERY. Saturday, July 6th. The work &quot;Otro es el r\u00edo que persigo\u201d de Cristina Mej\u00edas, will be inaugurated at The Artists&#039; Vineyard. The evening will be very special, with a pleasant reception at the winery and a dinner in the middle of the vineyards paired with Sa\u00f3 wines from Celler Mas Blanch and Jov\u00e9.\" \/>\n<meta property=\"og:url\" content=\"https:\/\/www.masblanchijove.com\/en\/producte\/mejias\/\" \/>\n<meta property=\"og:site_name\" content=\"Mas Blanch i Jov\u00e9\" \/>\n<meta property=\"article:publisher\" content=\"https:\/\/www.facebook.com\/masblanchijove\" \/>\n<meta property=\"article:modified_time\" content=\"2024-06-17T17:45:52+00:00\" \/>\n<meta property=\"og:image\" content=\"https:\/\/www.masblanchijove.com\/wp-content\/uploads\/2018\/07\/carlos-pazos_0523-1.jpg\" \/>\n\t<meta property=\"og:image:width\" content=\"1200\" \/>\n\t<meta property=\"og:image:height\" content=\"795\" \/>\n\t<meta property=\"og:image:type\" content=\"image\/jpeg\" \/>\n<meta name=\"twitter:card\" content=\"summary_large_image\" \/>\n<meta name=\"twitter:site\" content=\"@masblanchijove\" \/>\n<meta name=\"twitter:label1\" content=\"Est. reading time\" \/>\n\t<meta name=\"twitter:data1\" content=\"2 minutes\" \/>\n<script type=\"application\/ld+json\" class=\"yoast-schema-graph\">{\"@context\":\"https:\\\/\\\/schema.org\",\"@graph\":[{\"@type\":\"WebPage\",\"@id\":\"https:\\\/\\\/www.masblanchijove.com\\\/en\\\/producte\\\/mejias\\\/\",\"url\":\"https:\\\/\\\/www.masblanchijove.com\\\/en\\\/producte\\\/mejias\\\/\",\"name\":\"Cristina Mej\u00edas, the protagonist of Year 13 at the Artists' Vineyard\",\"isPartOf\":{\"@id\":\"https:\\\/\\\/www.masblanchijove.com\\\/en\\\/#website\"},\"primaryImageOfPage\":{\"@id\":\"https:\\\/\\\/www.masblanchijove.com\\\/en\\\/producte\\\/mejias\\\/#primaryimage\"},\"image\":{\"@id\":\"https:\\\/\\\/www.masblanchijove.com\\\/en\\\/producte\\\/mejias\\\/#primaryimage\"},\"thumbnailUrl\":\"https:\\\/\\\/www.masblanchijove.com\\\/wp-content\\\/uploads\\\/2018\\\/07\\\/carlos-pazos_0523-1.jpg\",\"datePublished\":\"2024-06-17T15:45:47+00:00\",\"dateModified\":\"2024-06-17T17:45:52+00:00\",\"description\":\"A UNIQUE EXPERIENCE IN THE MAS BLANCH I JOV\u00c9 WINERY. Saturday, July 6th. The work \\\"Otro es el r\u00edo que persigo\u201d de Cristina Mej\u00edas, will be inaugurated at The Artists' Vineyard. The evening will be very special, with a pleasant reception at the winery and a dinner in the middle of the vineyards paired with Sa\u00f3 wines from Celler Mas Blanch and Jov\u00e9.\",\"breadcrumb\":{\"@id\":\"https:\\\/\\\/www.masblanchijove.com\\\/en\\\/producte\\\/mejias\\\/#breadcrumb\"},\"inLanguage\":\"en-US\",\"potentialAction\":[{\"@type\":\"ReadAction\",\"target\":[\"https:\\\/\\\/www.masblanchijove.com\\\/en\\\/producte\\\/mejias\\\/\"]}]},{\"@type\":\"ImageObject\",\"inLanguage\":\"en-US\",\"@id\":\"https:\\\/\\\/www.masblanchijove.com\\\/en\\\/producte\\\/mejias\\\/#primaryimage\",\"url\":\"https:\\\/\\\/www.masblanchijove.com\\\/wp-content\\\/uploads\\\/2018\\\/07\\\/carlos-pazos_0523-1.jpg\",\"contentUrl\":\"https:\\\/\\\/www.masblanchijove.com\\\/wp-content\\\/uploads\\\/2018\\\/07\\\/carlos-pazos_0523-1.jpg\",\"width\":1200,\"height\":795},{\"@type\":\"BreadcrumbList\",\"@id\":\"https:\\\/\\\/www.masblanchijove.com\\\/en\\\/producte\\\/mejias\\\/#breadcrumb\",\"itemListElement\":[{\"@type\":\"ListItem\",\"position\":1,\"name\":\"Inici\",\"item\":\"https:\\\/\\\/www.masblanchijove.com\\\/en\\\/\"},{\"@type\":\"ListItem\",\"position\":2,\"name\":\"Products\",\"item\":\"https:\\\/\\\/www.masblanchijove.com\\\/en\\\/shop\\\/\"},{\"@type\":\"ListItem\",\"position\":3,\"name\":\"Entrance ticket &#8211; July 6th at 19:30h: Dinner + party at The Artists\u2019 Vineyard\"}]},{\"@type\":\"WebSite\",\"@id\":\"https:\\\/\\\/www.masblanchijove.com\\\/en\\\/#website\",\"url\":\"https:\\\/\\\/www.masblanchijove.com\\\/en\\\/\",\"name\":\"Mas Blanch i Jov\u00e9\",\"description\":\"Mas Blanch i Jov\u00e9\",\"publisher\":{\"@id\":\"https:\\\/\\\/www.masblanchijove.com\\\/en\\\/#organization\"},\"potentialAction\":[{\"@type\":\"SearchAction\",\"target\":{\"@type\":\"EntryPoint\",\"urlTemplate\":\"https:\\\/\\\/www.masblanchijove.com\\\/en\\\/?s={search_term_string}\"},\"query-input\":{\"@type\":\"PropertyValueSpecification\",\"valueRequired\":true,\"valueName\":\"search_term_string\"}}],\"inLanguage\":\"en-US\"},{\"@type\":\"Organization\",\"@id\":\"https:\\\/\\\/www.masblanchijove.com\\\/en\\\/#organization\",\"name\":\"Mas Blanch i Jov\u00e9\",\"url\":\"https:\\\/\\\/www.masblanchijove.com\\\/en\\\/\",\"logo\":{\"@type\":\"ImageObject\",\"inLanguage\":\"en-US\",\"@id\":\"https:\\\/\\\/www.masblanchijove.com\\\/en\\\/#\\\/schema\\\/logo\\\/image\\\/\",\"url\":\"https:\\\/\\\/www.masblanchijove.com\\\/wp-content\\\/uploads\\\/2018\\\/03\\\/LogoMasBlanchiJove_gris_gran.png\",\"contentUrl\":\"https:\\\/\\\/www.masblanchijove.com\\\/wp-content\\\/uploads\\\/2018\\\/03\\\/LogoMasBlanchiJove_gris_gran.png\",\"width\":508,\"height\":173,\"caption\":\"Mas Blanch i Jov\u00e9\"},\"image\":{\"@id\":\"https:\\\/\\\/www.masblanchijove.com\\\/en\\\/#\\\/schema\\\/logo\\\/image\\\/\"},\"sameAs\":[\"https:\\\/\\\/www.facebook.com\\\/masblanchijove\",\"https:\\\/\\\/x.com\\\/masblanchijove\",\"https:\\\/\\\/www.instagram.com\\\/masblanchijove\\\/\"]}]}<\/script>\n<!-- \/ Yoast SEO plugin. -->","yoast_head_json":{"title":"Cristina Mej\u00edas, the protagonist of Year 13 at the Artists' Vineyard","description":"A UNIQUE EXPERIENCE IN THE MAS BLANCH I JOV\u00c9 WINERY. Saturday, July 6th. The work \"Otro es el r\u00edo que persigo\u201d de Cristina Mej\u00edas, will be inaugurated at The Artists' Vineyard. The evening will be very special, with a pleasant reception at the winery and a dinner in the middle of the vineyards paired with Sa\u00f3 wines from Celler Mas Blanch and Jov\u00e9.","robots":{"index":"index","follow":"follow","max-snippet":"max-snippet:-1","max-image-preview":"max-image-preview:large","max-video-preview":"max-video-preview:-1"},"canonical":"https:\/\/www.masblanchijove.com\/en\/producte\/mejias\/","og_locale":"en_US","og_type":"article","og_title":"Cristina Mej\u00edas, the protagonist of Year 13 at the Artists' Vineyard","og_description":"A UNIQUE EXPERIENCE IN THE MAS BLANCH I JOV\u00c9 WINERY. Saturday, July 6th. The work \"Otro es el r\u00edo que persigo\u201d de Cristina Mej\u00edas, will be inaugurated at The Artists' Vineyard. The evening will be very special, with a pleasant reception at the winery and a dinner in the middle of the vineyards paired with Sa\u00f3 wines from Celler Mas Blanch and Jov\u00e9.","og_url":"https:\/\/www.masblanchijove.com\/en\/producte\/mejias\/","og_site_name":"Mas Blanch i Jov\u00e9","article_publisher":"https:\/\/www.facebook.com\/masblanchijove","article_modified_time":"2024-06-17T17:45:52+00:00","og_image":[{"width":1200,"height":795,"url":"https:\/\/www.masblanchijove.com\/wp-content\/uploads\/2018\/07\/carlos-pazos_0523-1.jpg","type":"image\/jpeg"}],"twitter_card":"summary_large_image","twitter_site":"@masblanchijove","twitter_misc":{"Est. reading time":"2 minutes"},"schema":{"@context":"https:\/\/schema.org","@graph":[{"@type":"WebPage","@id":"https:\/\/www.masblanchijove.com\/en\/producte\/mejias\/","url":"https:\/\/www.masblanchijove.com\/en\/producte\/mejias\/","name":"Cristina Mej\u00edas, the protagonist of Year 13 at the Artists' Vineyard","isPartOf":{"@id":"https:\/\/www.masblanchijove.com\/en\/#website"},"primaryImageOfPage":{"@id":"https:\/\/www.masblanchijove.com\/en\/producte\/mejias\/#primaryimage"},"image":{"@id":"https:\/\/www.masblanchijove.com\/en\/producte\/mejias\/#primaryimage"},"thumbnailUrl":"https:\/\/www.masblanchijove.com\/wp-content\/uploads\/2018\/07\/carlos-pazos_0523-1.jpg","datePublished":"2024-06-17T15:45:47+00:00","dateModified":"2024-06-17T17:45:52+00:00","description":"A UNIQUE EXPERIENCE IN THE MAS BLANCH I JOV\u00c9 WINERY. Saturday, July 6th. The work \"Otro es el r\u00edo que persigo\u201d de Cristina Mej\u00edas, will be inaugurated at The Artists' Vineyard. The evening will be very special, with a pleasant reception at the winery and a dinner in the middle of the vineyards paired with Sa\u00f3 wines from Celler Mas Blanch and Jov\u00e9.","breadcrumb":{"@id":"https:\/\/www.masblanchijove.com\/en\/producte\/mejias\/#breadcrumb"},"inLanguage":"en-US","potentialAction":[{"@type":"ReadAction","target":["https:\/\/www.masblanchijove.com\/en\/producte\/mejias\/"]}]},{"@type":"ImageObject","inLanguage":"en-US","@id":"https:\/\/www.masblanchijove.com\/en\/producte\/mejias\/#primaryimage","url":"https:\/\/www.masblanchijove.com\/wp-content\/uploads\/2018\/07\/carlos-pazos_0523-1.jpg","contentUrl":"https:\/\/www.masblanchijove.com\/wp-content\/uploads\/2018\/07\/carlos-pazos_0523-1.jpg","width":1200,"height":795},{"@type":"BreadcrumbList","@id":"https:\/\/www.masblanchijove.com\/en\/producte\/mejias\/#breadcrumb","itemListElement":[{"@type":"ListItem","position":1,"name":"Inici","item":"https:\/\/www.masblanchijove.com\/en\/"},{"@type":"ListItem","position":2,"name":"Products","item":"https:\/\/www.masblanchijove.com\/en\/shop\/"},{"@type":"ListItem","position":3,"name":"Entrance ticket &#8211; July 6th at 19:30h: Dinner + party at The Artists\u2019 Vineyard"}]},{"@type":"WebSite","@id":"https:\/\/www.masblanchijove.com\/en\/#website","url":"https:\/\/www.masblanchijove.com\/en\/","name":"Mas Blanch i Jov\u00e9","description":"Mas Blanch i Jov\u00e9","publisher":{"@id":"https:\/\/www.masblanchijove.com\/en\/#organization"},"potentialAction":[{"@type":"SearchAction","target":{"@type":"EntryPoint","urlTemplate":"https:\/\/www.masblanchijove.com\/en\/?s={search_term_string}"},"query-input":{"@type":"PropertyValueSpecification","valueRequired":true,"valueName":"search_term_string"}}],"inLanguage":"en-US"},{"@type":"Organization","@id":"https:\/\/www.masblanchijove.com\/en\/#organization","name":"Mas Blanch i Jov\u00e9","url":"https:\/\/www.masblanchijove.com\/en\/","logo":{"@type":"ImageObject","inLanguage":"en-US","@id":"https:\/\/www.masblanchijove.com\/en\/#\/schema\/logo\/image\/","url":"https:\/\/www.masblanchijove.com\/wp-content\/uploads\/2018\/03\/LogoMasBlanchiJove_gris_gran.png","contentUrl":"https:\/\/www.masblanchijove.com\/wp-content\/uploads\/2018\/03\/LogoMasBlanchiJove_gris_gran.png","width":508,"height":173,"caption":"Mas Blanch i Jov\u00e9"},"image":{"@id":"https:\/\/www.masblanchijove.com\/en\/#\/schema\/logo\/image\/"},"sameAs":["https:\/\/www.facebook.com\/masblanchijove","https:\/\/x.com\/masblanchijove","https:\/\/www.instagram.com\/masblanchijove\/"]}]}},"_links":{"self":[{"href":"https:\/\/www.masblanchijove.com\/en\/wp-json\/wp\/v2\/product\/8482","targetHints":{"allow":["GET"]}}],"collection":[{"href":"https:\/\/www.masblanchijove.com\/en\/wp-json\/wp\/v2\/product"}],"about":[{"href":"https:\/\/www.masblanchijove.com\/en\/wp-json\/wp\/v2\/types\/product"}],"wp:featuredmedia":[{"embeddable":true,"href":"https:\/\/www.masblanchijove.com\/en\/wp-json\/wp\/v2\/media\/4329"}],"wp:attachment":[{"href":"https:\/\/www.masblanchijove.com\/en\/wp-json\/wp\/v2\/media?parent=8482"}],"wp:term":[{"taxonomy":"product_brand","embeddable":true,"href":"https:\/\/www.masblanchijove.com\/en\/wp-json\/wp\/v2\/product_brand?post=8482"},{"taxonomy":"product_cat","embeddable":true,"href":"https:\/\/www.masblanchijove.com\/en\/wp-json\/wp\/v2\/product_cat?post=8482"},{"taxonomy":"product_tag","embeddable":true,"href":"https:\/\/www.masblanchijove.com\/en\/wp-json\/wp\/v2\/product_tag?post=8482"}],"curies":[{"name":"wp","href":"https:\/\/api.w.org\/{rel}","templated":true}]}}