{"id":3112,"date":"2018-04-03T11:01:54","date_gmt":"2018-04-03T09:01:54","guid":{"rendered":"http:\/\/www.masblanchijove.com\/producte\/petit-blanc-sao\/"},"modified":"2022-05-23T10:17:11","modified_gmt":"2022-05-23T08:17:11","slug":"petit-blanc-sao","status":"publish","type":"product","link":"https:\/\/www.masblanchijove.com\/es\/producte\/petit-blanc-sao\/","title":{"rendered":"Petit Blanc Sa\u00f3"},"content":{"rendered":"<p><div class=\"fusion-fullwidth fullwidth-box fusion-builder-row-1 nonhundred-percent-fullwidth non-hundred-percent-height-scrolling\" style=\"--awb-border-radius-top-left:0px;--awb-border-radius-top-right:0px;--awb-border-radius-bottom-right:0px;--awb-border-radius-bottom-left:0px;--awb-flex-wrap:wrap;\" ><div class=\"fusion-builder-row fusion-row\"><div class=\"fusion-layout-column fusion_builder_column fusion-builder-column-0 fusion_builder_column_1_1 1_1 fusion-one-full fusion-column-first fusion-column-last\" style=\"--awb-bg-size:cover;\"><div class=\"fusion-column-wrapper fusion-flex-column-wrapper-legacy\">\n<div class=\"table-1\">\n<p class=\"p1\"><strong>IVA y transporte incluido para env\u00edos a la pen\u00ednsula ib\u00e9rica.<\/strong><\/p>\n<p><strong><span class=\"td-etiqueta\" style=\"color: #d3bd8e;\">VINO ECOL\u00d3GICO. LEVADURAS IND\u00cdGENAS.<\/span><\/strong><\/p>\n<table width=\"100%\">\n<tbody>\n<tr>\n<td class=\"td-etiqueta\" align=\"left\">Cata<\/td>\n<td align=\"left\">Color amarillo verde p\u00e1lido. Aroma intenso de frutas tropicales y blancas, con ligeras notas florales y de c\u00edtricos. Boca untuosa y plena, muy fresco y afrutado.<\/td>\n<\/tr>\n<tr>\n<td class=\"td-etiqueta\" align=\"left\">Variedad<\/td>\n<td align=\"left\">70% Garnacha Blanca, 22% Macabeo, 5% Viognier, 3% Riesling.<\/td>\n<\/tr>\n<tr>\n<td class=\"td-etiqueta\" align=\"left\">Elaboraci\u00f3n<\/td>\n<td align=\"left\">Maceraci\u00f3n de 4 horas, desfangado est\u00e1tico y fermentaci\u00f3n en dep\u00f3sito de acero inoxidable a una temperatura controlada de 17\u00baC.<\/td>\n<\/tr>\n<tr>\n<td class=\"td-etiqueta\" align=\"left\">Alcohol<\/td>\n<td align=\"left\">14\u00ba<\/td>\n<\/tr>\n<tr>\n<td class=\"td-etiqueta\" align=\"left\">Presentaci\u00f3n<\/td>\n<td align=\"left\">En cajas de 6 o 12 unidades.<\/td>\n<\/tr>\n<tr>\n<td class=\"td-etiqueta\" align=\"left\">Temperatura<\/td>\n<td align=\"left\">8\u00ba C &#8211; 10\u00ba C<\/td>\n<\/tr>\n<tr>\n<td class=\"td-etiqueta\" align=\"left\">Maridaje<\/td>\n<td align=\"left\">Carnes blancas, pescado, arroces, pasta.<\/td>\n<\/tr>\n<tr>\n<td class=\"td-etiqueta\" align=\"left\"><strong>Premios<\/strong><\/td>\n<td align=\"left\"><strong>Catavinum World Wine &amp; Spirits Competition (ES)<\/strong> <span class=\"s1\">A\u00f1ada 2019 &#8211; <\/span>Medalla de Oro.<br \/>\n<strong>International Wine Guide (ESP)<\/strong> <span class=\"s1\">A\u00f1ada 2019 &#8211; Medalla de <\/span>Plata.<br \/>\n<strong>Decanter World Wine Awards &amp; Magazine (UK)<\/strong> <span class=\"s1\">Anyada 2015 &#8211;\u00a0<\/span>Medalla de Bronze.<br \/>\n<strong>International Wine Challenge (UK)<\/strong> <span class=\"s1\">A\u00f1ada 2015 &#8211; Commended\u00a0<\/span>Medal.<br \/>\n<strong>International Wine &amp; Spirits Competition IWSC (UK)<\/strong> <span class=\"s1\">A\u00f1ada\u00a0<\/span>2016 &#8211; Medalla de Bronze. A\u00f1ada 2015 &#8211; Medalla de Bronze.<br \/>\n<strong><span class=\"s2\">Golden Leaf (ES) <\/span><\/strong>A\u00f1ada 2016 &#8211; Medalla de Plata.<br \/>\n<strong><span class=\"s2\">Gu\u00eda Akatavino (ES) <\/span><\/strong>A\u00f1ada 2016 &#8211; 91\/100 puntos.<\/td>\n<\/tr>\n<\/tbody>\n<\/table>\n<\/div>\n<div class=\"fusion-clearfix\"><\/div><\/div><\/div><\/div><\/div><div class=\"fusion-fullwidth fullwidth-box fusion-builder-row-2 nonhundred-percent-fullwidth non-hundred-percent-height-scrolling\" style=\"--awb-border-radius-top-left:0px;--awb-border-radius-top-right:0px;--awb-border-radius-bottom-right:0px;--awb-border-radius-bottom-left:0px;--awb-flex-wrap:wrap;\" ><div class=\"fusion-builder-row fusion-row\"><div class=\"fusion-layout-column fusion_builder_column fusion-builder-column-1 fusion_builder_column_1_1 1_1 fusion-one-full fusion-column-first fusion-column-last\" style=\"--awb-bg-size:cover;\"><div class=\"fusion-column-wrapper fusion-flex-column-wrapper-legacy\"><div class=\"fusion-alignright\"><a class=\"fusion-button button-flat fusion-button-default-size button-custom fusion-button-default button-1 fusion-button-default-span fusion-button-default-type\" style=\"--button_accent_color:#784910;--button_accent_hover_color:#784910;--button_border_hover_color:#784910;--button_border_width-top:1px;--button_border_width-right:1px;--button_border_width-bottom:1px;--button_border_width-left:1px;--button_gradient_top_color:rgba(255,255,255,0.8);--button_gradient_bottom_color:rgba(255,255,255,0.8);--button_gradient_top_color_hover:#ffffff;--button_gradient_bottom_color_hover:#ffffff;\" target=\"_self\" href=\"https:\/\/www.masblanchijove.com\/wp-content\/uploads\/2018\/06\/masblanchijove_sao_petitblanc_es.pdf\"><span class=\"fusion-button-text awb-button__text awb-button__text--default\">Descargar ficha<\/span><i class=\" fa fa-file-text awb-button__icon awb-button__icon--default button-icon-right\" aria-hidden=\"true\"><\/i><\/a><\/div><div class=\"fusion-button-wrapper\"><a class=\"fusion-button button-flat fusion-button-default-size button-default fusion-button-default button-2 fusion-button-default-span fusion-button-default-type\" target=\"_self\" href=\"javascript:history.back();\"><span class=\"fusion-button-text awb-button__text awb-button__text--default\">Volver<\/span><\/a><\/div><div class=\"fusion-clearfix\"><\/div><\/div><\/div><\/div><\/div><\/p>\n","protected":false},"excerpt":{"rendered":"<p class=\"p1\">\u00abAlgunas sensaciones te hacen so\u00f1ar y se transforman en historias.\u00bb<\/p>\n","protected":false},"featured_media":1701,"template":"","meta":[],"product_brand":[],"product_cat":[62,84],"product_tag":[],"class_list":{"0":"post-3112","1":"product","2":"type-product","3":"status-publish","4":"has-post-thumbnail","6":"product_cat-sao-es","7":"product_cat-vins-es","9":"first","10":"instock","11":"shipping-taxable","12":"purchasable","13":"product-type-variable","14":"has-default-attributes"},"yoast_head":"<!-- This site is optimized with the Yoast SEO plugin v27.4 - https:\/\/yoast.com\/product\/yoast-seo-wordpress\/ -->\n<title>Petit Blanc Sa\u00f3 - Mas Blanch i Jov\u00e9<\/title>\n<meta name=\"robots\" content=\"index, follow, max-snippet:-1, max-image-preview:large, max-video-preview:-1\" \/>\n<link rel=\"canonical\" href=\"https:\/\/www.masblanchijove.com\/es\/producte\/petit-blanc-sao\/\" \/>\n<meta property=\"og:locale\" content=\"es_ES\" \/>\n<meta property=\"og:type\" content=\"article\" \/>\n<meta property=\"og:title\" content=\"Petit Blanc Sa\u00f3 - Mas Blanch i Jov\u00e9\" \/>\n<meta property=\"og:description\" content=\"&quot;Algunas sensaciones te hacen so\u00f1ar y se transforman en historias.&quot;\" \/>\n<meta property=\"og:url\" content=\"https:\/\/www.masblanchijove.com\/es\/producte\/petit-blanc-sao\/\" \/>\n<meta property=\"og:site_name\" content=\"Mas Blanch i Jov\u00e9\" \/>\n<meta property=\"article:publisher\" content=\"https:\/\/www.facebook.com\/masblanchijove\" \/>\n<meta property=\"article:modified_time\" content=\"2022-05-23T08:17:11+00:00\" \/>\n<meta property=\"og:image\" content=\"https:\/\/www.masblanchijove.com\/wp-content\/uploads\/2018\/04\/MasBlanch_Vins_SaoPetitBlanc.jpg\" \/>\n\t<meta property=\"og:image:width\" content=\"507\" \/>\n\t<meta property=\"og:image:height\" content=\"850\" \/>\n\t<meta property=\"og:image:type\" content=\"image\/jpeg\" \/>\n<meta name=\"twitter:card\" content=\"summary_large_image\" \/>\n<meta name=\"twitter:site\" content=\"@masblanchijove\" \/>\n<meta name=\"twitter:label1\" content=\"Tiempo de lectura\" \/>\n\t<meta name=\"twitter:data1\" content=\"3 minutos\" \/>\n<script type=\"application\/ld+json\" class=\"yoast-schema-graph\">{\"@context\":\"https:\\\/\\\/schema.org\",\"@graph\":[{\"@type\":\"WebPage\",\"@id\":\"https:\\\/\\\/www.masblanchijove.com\\\/es\\\/producte\\\/petit-blanc-sao\\\/\",\"url\":\"https:\\\/\\\/www.masblanchijove.com\\\/es\\\/producte\\\/petit-blanc-sao\\\/\",\"name\":\"Petit Blanc Sa\u00f3 - Mas Blanch i Jov\u00e9\",\"isPartOf\":{\"@id\":\"https:\\\/\\\/www.masblanchijove.com\\\/es\\\/#website\"},\"primaryImageOfPage\":{\"@id\":\"https:\\\/\\\/www.masblanchijove.com\\\/es\\\/producte\\\/petit-blanc-sao\\\/#primaryimage\"},\"image\":{\"@id\":\"https:\\\/\\\/www.masblanchijove.com\\\/es\\\/producte\\\/petit-blanc-sao\\\/#primaryimage\"},\"thumbnailUrl\":\"https:\\\/\\\/www.masblanchijove.com\\\/wp-content\\\/uploads\\\/2018\\\/04\\\/MasBlanch_Vins_SaoPetitBlanc.jpg\",\"datePublished\":\"2018-04-03T09:01:54+00:00\",\"dateModified\":\"2022-05-23T08:17:11+00:00\",\"breadcrumb\":{\"@id\":\"https:\\\/\\\/www.masblanchijove.com\\\/es\\\/producte\\\/petit-blanc-sao\\\/#breadcrumb\"},\"inLanguage\":\"es\",\"potentialAction\":[{\"@type\":\"ReadAction\",\"target\":[\"https:\\\/\\\/www.masblanchijove.com\\\/es\\\/producte\\\/petit-blanc-sao\\\/\"]}]},{\"@type\":\"ImageObject\",\"inLanguage\":\"es\",\"@id\":\"https:\\\/\\\/www.masblanchijove.com\\\/es\\\/producte\\\/petit-blanc-sao\\\/#primaryimage\",\"url\":\"https:\\\/\\\/www.masblanchijove.com\\\/wp-content\\\/uploads\\\/2018\\\/04\\\/MasBlanch_Vins_SaoPetitBlanc.jpg\",\"contentUrl\":\"https:\\\/\\\/www.masblanchijove.com\\\/wp-content\\\/uploads\\\/2018\\\/04\\\/MasBlanch_Vins_SaoPetitBlanc.jpg\",\"width\":507,\"height\":850,\"caption\":\"Petit Blanc Sa\u00f3\"},{\"@type\":\"BreadcrumbList\",\"@id\":\"https:\\\/\\\/www.masblanchijove.com\\\/es\\\/producte\\\/petit-blanc-sao\\\/#breadcrumb\",\"itemListElement\":[{\"@type\":\"ListItem\",\"position\":1,\"name\":\"Inici\",\"item\":\"https:\\\/\\\/www.masblanchijove.com\\\/es\\\/\"},{\"@type\":\"ListItem\",\"position\":2,\"name\":\"Productos\",\"item\":\"https:\\\/\\\/www.masblanchijove.com\\\/es\\\/shop\\\/\"},{\"@type\":\"ListItem\",\"position\":3,\"name\":\"Petit Blanc Sa\u00f3\"}]},{\"@type\":\"WebSite\",\"@id\":\"https:\\\/\\\/www.masblanchijove.com\\\/es\\\/#website\",\"url\":\"https:\\\/\\\/www.masblanchijove.com\\\/es\\\/\",\"name\":\"Mas Blanch i Jov\u00e9\",\"description\":\"Mas Blanch i Jov\u00e9\",\"publisher\":{\"@id\":\"https:\\\/\\\/www.masblanchijove.com\\\/es\\\/#organization\"},\"potentialAction\":[{\"@type\":\"SearchAction\",\"target\":{\"@type\":\"EntryPoint\",\"urlTemplate\":\"https:\\\/\\\/www.masblanchijove.com\\\/es\\\/?s={search_term_string}\"},\"query-input\":{\"@type\":\"PropertyValueSpecification\",\"valueRequired\":true,\"valueName\":\"search_term_string\"}}],\"inLanguage\":\"es\"},{\"@type\":\"Organization\",\"@id\":\"https:\\\/\\\/www.masblanchijove.com\\\/es\\\/#organization\",\"name\":\"Mas Blanch i Jov\u00e9\",\"url\":\"https:\\\/\\\/www.masblanchijove.com\\\/es\\\/\",\"logo\":{\"@type\":\"ImageObject\",\"inLanguage\":\"es\",\"@id\":\"https:\\\/\\\/www.masblanchijove.com\\\/es\\\/#\\\/schema\\\/logo\\\/image\\\/\",\"url\":\"https:\\\/\\\/www.masblanchijove.com\\\/wp-content\\\/uploads\\\/2018\\\/03\\\/LogoMasBlanchiJove_gris_gran.png\",\"contentUrl\":\"https:\\\/\\\/www.masblanchijove.com\\\/wp-content\\\/uploads\\\/2018\\\/03\\\/LogoMasBlanchiJove_gris_gran.png\",\"width\":508,\"height\":173,\"caption\":\"Mas Blanch i Jov\u00e9\"},\"image\":{\"@id\":\"https:\\\/\\\/www.masblanchijove.com\\\/es\\\/#\\\/schema\\\/logo\\\/image\\\/\"},\"sameAs\":[\"https:\\\/\\\/www.facebook.com\\\/masblanchijove\",\"https:\\\/\\\/x.com\\\/masblanchijove\",\"https:\\\/\\\/www.instagram.com\\\/masblanchijove\\\/\"]}]}<\/script>\n<!-- \/ Yoast SEO plugin. -->","yoast_head_json":{"title":"Petit Blanc Sa\u00f3 - Mas Blanch i Jov\u00e9","robots":{"index":"index","follow":"follow","max-snippet":"max-snippet:-1","max-image-preview":"max-image-preview:large","max-video-preview":"max-video-preview:-1"},"canonical":"https:\/\/www.masblanchijove.com\/es\/producte\/petit-blanc-sao\/","og_locale":"es_ES","og_type":"article","og_title":"Petit Blanc Sa\u00f3 - Mas Blanch i Jov\u00e9","og_description":"\"Algunas sensaciones te hacen so\u00f1ar y se transforman en historias.\"","og_url":"https:\/\/www.masblanchijove.com\/es\/producte\/petit-blanc-sao\/","og_site_name":"Mas Blanch i Jov\u00e9","article_publisher":"https:\/\/www.facebook.com\/masblanchijove","article_modified_time":"2022-05-23T08:17:11+00:00","og_image":[{"width":507,"height":850,"url":"https:\/\/www.masblanchijove.com\/wp-content\/uploads\/2018\/04\/MasBlanch_Vins_SaoPetitBlanc.jpg","type":"image\/jpeg"}],"twitter_card":"summary_large_image","twitter_site":"@masblanchijove","twitter_misc":{"Tiempo de lectura":"3 minutos"},"schema":{"@context":"https:\/\/schema.org","@graph":[{"@type":"WebPage","@id":"https:\/\/www.masblanchijove.com\/es\/producte\/petit-blanc-sao\/","url":"https:\/\/www.masblanchijove.com\/es\/producte\/petit-blanc-sao\/","name":"Petit Blanc Sa\u00f3 - Mas Blanch i Jov\u00e9","isPartOf":{"@id":"https:\/\/www.masblanchijove.com\/es\/#website"},"primaryImageOfPage":{"@id":"https:\/\/www.masblanchijove.com\/es\/producte\/petit-blanc-sao\/#primaryimage"},"image":{"@id":"https:\/\/www.masblanchijove.com\/es\/producte\/petit-blanc-sao\/#primaryimage"},"thumbnailUrl":"https:\/\/www.masblanchijove.com\/wp-content\/uploads\/2018\/04\/MasBlanch_Vins_SaoPetitBlanc.jpg","datePublished":"2018-04-03T09:01:54+00:00","dateModified":"2022-05-23T08:17:11+00:00","breadcrumb":{"@id":"https:\/\/www.masblanchijove.com\/es\/producte\/petit-blanc-sao\/#breadcrumb"},"inLanguage":"es","potentialAction":[{"@type":"ReadAction","target":["https:\/\/www.masblanchijove.com\/es\/producte\/petit-blanc-sao\/"]}]},{"@type":"ImageObject","inLanguage":"es","@id":"https:\/\/www.masblanchijove.com\/es\/producte\/petit-blanc-sao\/#primaryimage","url":"https:\/\/www.masblanchijove.com\/wp-content\/uploads\/2018\/04\/MasBlanch_Vins_SaoPetitBlanc.jpg","contentUrl":"https:\/\/www.masblanchijove.com\/wp-content\/uploads\/2018\/04\/MasBlanch_Vins_SaoPetitBlanc.jpg","width":507,"height":850,"caption":"Petit Blanc Sa\u00f3"},{"@type":"BreadcrumbList","@id":"https:\/\/www.masblanchijove.com\/es\/producte\/petit-blanc-sao\/#breadcrumb","itemListElement":[{"@type":"ListItem","position":1,"name":"Inici","item":"https:\/\/www.masblanchijove.com\/es\/"},{"@type":"ListItem","position":2,"name":"Productos","item":"https:\/\/www.masblanchijove.com\/es\/shop\/"},{"@type":"ListItem","position":3,"name":"Petit Blanc Sa\u00f3"}]},{"@type":"WebSite","@id":"https:\/\/www.masblanchijove.com\/es\/#website","url":"https:\/\/www.masblanchijove.com\/es\/","name":"Mas Blanch i Jov\u00e9","description":"Mas Blanch i Jov\u00e9","publisher":{"@id":"https:\/\/www.masblanchijove.com\/es\/#organization"},"potentialAction":[{"@type":"SearchAction","target":{"@type":"EntryPoint","urlTemplate":"https:\/\/www.masblanchijove.com\/es\/?s={search_term_string}"},"query-input":{"@type":"PropertyValueSpecification","valueRequired":true,"valueName":"search_term_string"}}],"inLanguage":"es"},{"@type":"Organization","@id":"https:\/\/www.masblanchijove.com\/es\/#organization","name":"Mas Blanch i Jov\u00e9","url":"https:\/\/www.masblanchijove.com\/es\/","logo":{"@type":"ImageObject","inLanguage":"es","@id":"https:\/\/www.masblanchijove.com\/es\/#\/schema\/logo\/image\/","url":"https:\/\/www.masblanchijove.com\/wp-content\/uploads\/2018\/03\/LogoMasBlanchiJove_gris_gran.png","contentUrl":"https:\/\/www.masblanchijove.com\/wp-content\/uploads\/2018\/03\/LogoMasBlanchiJove_gris_gran.png","width":508,"height":173,"caption":"Mas Blanch i Jov\u00e9"},"image":{"@id":"https:\/\/www.masblanchijove.com\/es\/#\/schema\/logo\/image\/"},"sameAs":["https:\/\/www.facebook.com\/masblanchijove","https:\/\/x.com\/masblanchijove","https:\/\/www.instagram.com\/masblanchijove\/"]}]}},"_links":{"self":[{"href":"https:\/\/www.masblanchijove.com\/es\/wp-json\/wp\/v2\/product\/3112","targetHints":{"allow":["GET"]}}],"collection":[{"href":"https:\/\/www.masblanchijove.com\/es\/wp-json\/wp\/v2\/product"}],"about":[{"href":"https:\/\/www.masblanchijove.com\/es\/wp-json\/wp\/v2\/types\/product"}],"wp:featuredmedia":[{"embeddable":true,"href":"https:\/\/www.masblanchijove.com\/es\/wp-json\/wp\/v2\/media\/1701"}],"wp:attachment":[{"href":"https:\/\/www.masblanchijove.com\/es\/wp-json\/wp\/v2\/media?parent=3112"}],"wp:term":[{"taxonomy":"product_brand","embeddable":true,"href":"https:\/\/www.masblanchijove.com\/es\/wp-json\/wp\/v2\/product_brand?post=3112"},{"taxonomy":"product_cat","embeddable":true,"href":"https:\/\/www.masblanchijove.com\/es\/wp-json\/wp\/v2\/product_cat?post=3112"},{"taxonomy":"product_tag","embeddable":true,"href":"https:\/\/www.masblanchijove.com\/es\/wp-json\/wp\/v2\/product_tag?post=3112"}],"curies":[{"name":"wp","href":"https:\/\/api.w.org\/{rel}","templated":true}]}}