{"id":3390,"date":"2018-04-03T16:02:52","date_gmt":"2018-04-03T14:02:52","guid":{"rendered":"http:\/\/www.masblanchijove.com\/producte\/susana-solano\/"},"modified":"2018-06-07T18:29:31","modified_gmt":"2018-06-07T16:29:31","slug":"susana-solano","status":"publish","type":"product","link":"https:\/\/www.masblanchijove.com\/es\/producte\/susana-solano\/","title":{"rendered":"Susana Solano"},"content":{"rendered":"<p><div class=\"fusion-fullwidth fullwidth-box fusion-builder-row-1 nonhundred-percent-fullwidth non-hundred-percent-height-scrolling\" style=\"--awb-border-radius-top-left:0px;--awb-border-radius-top-right:0px;--awb-border-radius-bottom-right:0px;--awb-border-radius-bottom-left:0px;--awb-flex-wrap:wrap;\" ><div class=\"fusion-builder-row fusion-row\"><div class=\"fusion-layout-column fusion_builder_column fusion-builder-column-0 fusion_builder_column_1_1 1_1 fusion-one-full fusion-column-first fusion-column-last\" style=\"--awb-bg-size:cover;\"><div class=\"fusion-column-wrapper fusion-flex-column-wrapper-legacy\">\n<div class=\"table-1\">\n<p class=\"p1\"><strong>IVA y transporte incluido para env\u00edos a la pen\u00ednsula ib\u00e9rica.<\/strong><\/p>\n<table width=\"100%\">\n<tbody>\n<tr>\n<td class=\"td-etiqueta\" align=\"left\">Cata<\/td>\n<td align=\"left\">Vino redondo, especiado, bals\u00e1mico, mentolado y mineral. Pura elegancia!<\/td>\n<\/tr>\n<tr>\n<td class=\"td-etiqueta\" align=\"left\">Variedades<\/td>\n<td align=\"left\">55% Garnacha negra, 25% Cabernet Sauvignon y 20% Tempranillo.<\/td>\n<\/tr>\n<tr>\n<td class=\"td-etiqueta\" align=\"left\">Fermentaci\u00f3n<\/td>\n<td align=\"left\">28\u00baC &#8211; 30\u00baC \/ maceraci\u00f3n 20 d\u00edas.<\/td>\n<\/tr>\n<tr>\n<td class=\"td-etiqueta\" align=\"left\">Crianza<\/td>\n<td align=\"left\">14 meses en barrica de roble franc\u00e9s.<\/td>\n<\/tr>\n<tr>\n<td class=\"td-etiqueta\" align=\"left\">Alcohol<\/td>\n<td align=\"left\">14,5 %<\/td>\n<\/tr>\n<tr>\n<td class=\"td-etiqueta\" align=\"left\">Producci\u00f3n<\/td>\n<td align=\"left\">300 botellas. Edici\u00f3n de coleccionista.<\/td>\n<\/tr>\n<tr>\n<td class=\"td-etiqueta\" align=\"left\">Presentaci\u00f3n<\/td>\n<td align=\"left\">En una caja de madera individual.<\/td>\n<\/tr>\n<tr>\n<td class=\"td-etiqueta\" align=\"left\">Temperatura<\/td>\n<td align=\"left\">16-18 \u00baC<\/td>\n<\/tr>\n<tr>\n<td class=\"td-etiqueta\" align=\"left\">Maridaje<\/td>\n<td align=\"left\">Carnes rosadas y rojas, caza, platos sutiles con especias y\/o salsas de frutas.<\/td>\n<\/tr>\n<\/tbody>\n<\/table>\n<\/div>\n<div class=\"fusion-clearfix\"><\/div><\/div><\/div><\/div><\/div><div class=\"fusion-fullwidth fullwidth-box fusion-builder-row-2 nonhundred-percent-fullwidth non-hundred-percent-height-scrolling\" style=\"--awb-border-radius-top-left:0px;--awb-border-radius-top-right:0px;--awb-border-radius-bottom-right:0px;--awb-border-radius-bottom-left:0px;--awb-margin-top:12px;--awb-flex-wrap:wrap;\" ><div class=\"fusion-builder-row fusion-row\"><div class=\"fusion-layout-column fusion_builder_column fusion-builder-column-1 fusion_builder_column_1_1 1_1 fusion-one-full fusion-column-first fusion-column-last\" style=\"--awb-bg-size:cover;\"><div class=\"fusion-column-wrapper fusion-flex-column-wrapper-legacy\"><div class=\"fusion-alignright\"><a class=\"fusion-button button-flat fusion-button-default-size button-default fusion-button-default button-1 fusion-button-default-span fusion-button-default-type\" target=\"_self\" href=\"https:\/\/www.masblanchijove.com\/es\/susana-solano\/\"><span class=\"fusion-button-text awb-button__text awb-button__text--default\">INFO ARTISTA<\/span><i class=\" fa fa-plus-circle awb-button__icon awb-button__icon--default button-icon-right\" aria-hidden=\"true\"><\/i><\/a><\/div><div class=\"fusion-button-wrapper\"><a class=\"fusion-button button-flat fusion-button-default-size button-default fusion-button-default button-2 fusion-button-default-span fusion-button-default-type\" target=\"_self\" href=\"javascript:history.back();\"><span class=\"fusion-button-text awb-button__text awb-button__text--default\">Volver<\/span><\/a><\/div><div class=\"fusion-clearfix\"><\/div><\/div><\/div><\/div><\/div><\/p>\n","protected":false},"excerpt":{"rendered":"<p class=\"p1\">SA\u00d3 EXPRESSIU 2011<\/p>\n<p>Un homenaje \u00fanico. Nuestro mejor vino, cada a\u00f1o seleccionado y presentado en una Edici\u00f3n de Coleccionista con la etiqueta dise\u00f1ada por el artista invitado del a\u00f1o. S\u00f3lo 300 botellas m\u00e1gnum. Un vino especial, sorprendente, muy complejo y elegante que te emocionar\u00e1\u2026<\/p>\n","protected":false},"featured_media":1708,"template":"","meta":[],"product_brand":[],"product_cat":[86],"product_tag":[],"class_list":{"0":"post-3390","1":"product","2":"type-product","3":"status-publish","4":"has-post-thumbnail","6":"product_cat-magnum-vina-de-los-artistas","8":"first","9":"instock","10":"shipping-taxable","11":"purchasable","12":"product-type-simple"},"yoast_head":"<!-- This site is optimized with the Yoast SEO plugin v27.4 - https:\/\/yoast.com\/product\/yoast-seo-wordpress\/ -->\n<title>Susana Solano - Mas Blanch i Jov\u00e9<\/title>\n<meta name=\"robots\" content=\"index, follow, max-snippet:-1, max-image-preview:large, max-video-preview:-1\" \/>\n<link rel=\"canonical\" href=\"https:\/\/www.masblanchijove.com\/es\/producte\/susana-solano\/\" \/>\n<meta property=\"og:locale\" content=\"es_ES\" \/>\n<meta property=\"og:type\" content=\"article\" \/>\n<meta property=\"og:title\" content=\"Susana Solano - Mas Blanch i Jov\u00e9\" \/>\n<meta property=\"og:description\" content=\"SA\u00d3 EXPRESSIU 2011 Un homenaje \u00fanico. Nuestro mejor vino, cada a\u00f1o seleccionado y presentado en una Edici\u00f3n de Coleccionista con la etiqueta dise\u00f1ada por el artista invitado del a\u00f1o. S\u00f3lo 300 botellas m\u00e1gnum. Un vino especial, sorprendente, muy complejo y elegante que te emocionar\u00e1\u2026\" \/>\n<meta property=\"og:url\" content=\"https:\/\/www.masblanchijove.com\/es\/producte\/susana-solano\/\" \/>\n<meta property=\"og:site_name\" content=\"Mas Blanch i Jov\u00e9\" \/>\n<meta property=\"article:publisher\" content=\"https:\/\/www.facebook.com\/masblanchijove\" \/>\n<meta property=\"article:modified_time\" content=\"2018-06-07T16:29:31+00:00\" \/>\n<meta property=\"og:image\" content=\"https:\/\/www.masblanchijove.com\/wp-content\/uploads\/2018\/04\/MasBlanch_Vins_MagnumSolano.jpg\" \/>\n\t<meta property=\"og:image:width\" content=\"507\" \/>\n\t<meta property=\"og:image:height\" content=\"850\" \/>\n\t<meta property=\"og:image:type\" content=\"image\/jpeg\" \/>\n<meta name=\"twitter:card\" content=\"summary_large_image\" \/>\n<meta name=\"twitter:site\" content=\"@masblanchijove\" \/>\n<meta name=\"twitter:label1\" content=\"Tiempo de lectura\" \/>\n\t<meta name=\"twitter:data1\" content=\"3 minutos\" \/>\n<script type=\"application\/ld+json\" class=\"yoast-schema-graph\">{\"@context\":\"https:\\\/\\\/schema.org\",\"@graph\":[{\"@type\":\"WebPage\",\"@id\":\"https:\\\/\\\/www.masblanchijove.com\\\/es\\\/producte\\\/susana-solano\\\/\",\"url\":\"https:\\\/\\\/www.masblanchijove.com\\\/es\\\/producte\\\/susana-solano\\\/\",\"name\":\"Susana Solano - Mas Blanch i Jov\u00e9\",\"isPartOf\":{\"@id\":\"https:\\\/\\\/www.masblanchijove.com\\\/es\\\/#website\"},\"primaryImageOfPage\":{\"@id\":\"https:\\\/\\\/www.masblanchijove.com\\\/es\\\/producte\\\/susana-solano\\\/#primaryimage\"},\"image\":{\"@id\":\"https:\\\/\\\/www.masblanchijove.com\\\/es\\\/producte\\\/susana-solano\\\/#primaryimage\"},\"thumbnailUrl\":\"https:\\\/\\\/www.masblanchijove.com\\\/wp-content\\\/uploads\\\/2018\\\/04\\\/MasBlanch_Vins_MagnumSolano.jpg\",\"datePublished\":\"2018-04-03T14:02:52+00:00\",\"dateModified\":\"2018-06-07T16:29:31+00:00\",\"breadcrumb\":{\"@id\":\"https:\\\/\\\/www.masblanchijove.com\\\/es\\\/producte\\\/susana-solano\\\/#breadcrumb\"},\"inLanguage\":\"es\",\"potentialAction\":[{\"@type\":\"ReadAction\",\"target\":[\"https:\\\/\\\/www.masblanchijove.com\\\/es\\\/producte\\\/susana-solano\\\/\"]}]},{\"@type\":\"ImageObject\",\"inLanguage\":\"es\",\"@id\":\"https:\\\/\\\/www.masblanchijove.com\\\/es\\\/producte\\\/susana-solano\\\/#primaryimage\",\"url\":\"https:\\\/\\\/www.masblanchijove.com\\\/wp-content\\\/uploads\\\/2018\\\/04\\\/MasBlanch_Vins_MagnumSolano.jpg\",\"contentUrl\":\"https:\\\/\\\/www.masblanchijove.com\\\/wp-content\\\/uploads\\\/2018\\\/04\\\/MasBlanch_Vins_MagnumSolano.jpg\",\"width\":507,\"height\":850,\"caption\":\"Susana Solano\"},{\"@type\":\"BreadcrumbList\",\"@id\":\"https:\\\/\\\/www.masblanchijove.com\\\/es\\\/producte\\\/susana-solano\\\/#breadcrumb\",\"itemListElement\":[{\"@type\":\"ListItem\",\"position\":1,\"name\":\"Inici\",\"item\":\"https:\\\/\\\/www.masblanchijove.com\\\/es\\\/\"},{\"@type\":\"ListItem\",\"position\":2,\"name\":\"Productos\",\"item\":\"https:\\\/\\\/www.masblanchijove.com\\\/es\\\/shop\\\/\"},{\"@type\":\"ListItem\",\"position\":3,\"name\":\"Susana Solano\"}]},{\"@type\":\"WebSite\",\"@id\":\"https:\\\/\\\/www.masblanchijove.com\\\/es\\\/#website\",\"url\":\"https:\\\/\\\/www.masblanchijove.com\\\/es\\\/\",\"name\":\"Mas Blanch i Jov\u00e9\",\"description\":\"Mas Blanch i Jov\u00e9\",\"publisher\":{\"@id\":\"https:\\\/\\\/www.masblanchijove.com\\\/es\\\/#organization\"},\"potentialAction\":[{\"@type\":\"SearchAction\",\"target\":{\"@type\":\"EntryPoint\",\"urlTemplate\":\"https:\\\/\\\/www.masblanchijove.com\\\/es\\\/?s={search_term_string}\"},\"query-input\":{\"@type\":\"PropertyValueSpecification\",\"valueRequired\":true,\"valueName\":\"search_term_string\"}}],\"inLanguage\":\"es\"},{\"@type\":\"Organization\",\"@id\":\"https:\\\/\\\/www.masblanchijove.com\\\/es\\\/#organization\",\"name\":\"Mas Blanch i Jov\u00e9\",\"url\":\"https:\\\/\\\/www.masblanchijove.com\\\/es\\\/\",\"logo\":{\"@type\":\"ImageObject\",\"inLanguage\":\"es\",\"@id\":\"https:\\\/\\\/www.masblanchijove.com\\\/es\\\/#\\\/schema\\\/logo\\\/image\\\/\",\"url\":\"https:\\\/\\\/www.masblanchijove.com\\\/wp-content\\\/uploads\\\/2018\\\/03\\\/LogoMasBlanchiJove_gris_gran.png\",\"contentUrl\":\"https:\\\/\\\/www.masblanchijove.com\\\/wp-content\\\/uploads\\\/2018\\\/03\\\/LogoMasBlanchiJove_gris_gran.png\",\"width\":508,\"height\":173,\"caption\":\"Mas Blanch i Jov\u00e9\"},\"image\":{\"@id\":\"https:\\\/\\\/www.masblanchijove.com\\\/es\\\/#\\\/schema\\\/logo\\\/image\\\/\"},\"sameAs\":[\"https:\\\/\\\/www.facebook.com\\\/masblanchijove\",\"https:\\\/\\\/x.com\\\/masblanchijove\",\"https:\\\/\\\/www.instagram.com\\\/masblanchijove\\\/\"]}]}<\/script>\n<!-- \/ Yoast SEO plugin. -->","yoast_head_json":{"title":"Susana Solano - Mas Blanch i Jov\u00e9","robots":{"index":"index","follow":"follow","max-snippet":"max-snippet:-1","max-image-preview":"max-image-preview:large","max-video-preview":"max-video-preview:-1"},"canonical":"https:\/\/www.masblanchijove.com\/es\/producte\/susana-solano\/","og_locale":"es_ES","og_type":"article","og_title":"Susana Solano - Mas Blanch i Jov\u00e9","og_description":"SA\u00d3 EXPRESSIU 2011 Un homenaje \u00fanico. Nuestro mejor vino, cada a\u00f1o seleccionado y presentado en una Edici\u00f3n de Coleccionista con la etiqueta dise\u00f1ada por el artista invitado del a\u00f1o. S\u00f3lo 300 botellas m\u00e1gnum. Un vino especial, sorprendente, muy complejo y elegante que te emocionar\u00e1\u2026","og_url":"https:\/\/www.masblanchijove.com\/es\/producte\/susana-solano\/","og_site_name":"Mas Blanch i Jov\u00e9","article_publisher":"https:\/\/www.facebook.com\/masblanchijove","article_modified_time":"2018-06-07T16:29:31+00:00","og_image":[{"width":507,"height":850,"url":"https:\/\/www.masblanchijove.com\/wp-content\/uploads\/2018\/04\/MasBlanch_Vins_MagnumSolano.jpg","type":"image\/jpeg"}],"twitter_card":"summary_large_image","twitter_site":"@masblanchijove","twitter_misc":{"Tiempo de lectura":"3 minutos"},"schema":{"@context":"https:\/\/schema.org","@graph":[{"@type":"WebPage","@id":"https:\/\/www.masblanchijove.com\/es\/producte\/susana-solano\/","url":"https:\/\/www.masblanchijove.com\/es\/producte\/susana-solano\/","name":"Susana Solano - Mas Blanch i Jov\u00e9","isPartOf":{"@id":"https:\/\/www.masblanchijove.com\/es\/#website"},"primaryImageOfPage":{"@id":"https:\/\/www.masblanchijove.com\/es\/producte\/susana-solano\/#primaryimage"},"image":{"@id":"https:\/\/www.masblanchijove.com\/es\/producte\/susana-solano\/#primaryimage"},"thumbnailUrl":"https:\/\/www.masblanchijove.com\/wp-content\/uploads\/2018\/04\/MasBlanch_Vins_MagnumSolano.jpg","datePublished":"2018-04-03T14:02:52+00:00","dateModified":"2018-06-07T16:29:31+00:00","breadcrumb":{"@id":"https:\/\/www.masblanchijove.com\/es\/producte\/susana-solano\/#breadcrumb"},"inLanguage":"es","potentialAction":[{"@type":"ReadAction","target":["https:\/\/www.masblanchijove.com\/es\/producte\/susana-solano\/"]}]},{"@type":"ImageObject","inLanguage":"es","@id":"https:\/\/www.masblanchijove.com\/es\/producte\/susana-solano\/#primaryimage","url":"https:\/\/www.masblanchijove.com\/wp-content\/uploads\/2018\/04\/MasBlanch_Vins_MagnumSolano.jpg","contentUrl":"https:\/\/www.masblanchijove.com\/wp-content\/uploads\/2018\/04\/MasBlanch_Vins_MagnumSolano.jpg","width":507,"height":850,"caption":"Susana Solano"},{"@type":"BreadcrumbList","@id":"https:\/\/www.masblanchijove.com\/es\/producte\/susana-solano\/#breadcrumb","itemListElement":[{"@type":"ListItem","position":1,"name":"Inici","item":"https:\/\/www.masblanchijove.com\/es\/"},{"@type":"ListItem","position":2,"name":"Productos","item":"https:\/\/www.masblanchijove.com\/es\/shop\/"},{"@type":"ListItem","position":3,"name":"Susana Solano"}]},{"@type":"WebSite","@id":"https:\/\/www.masblanchijove.com\/es\/#website","url":"https:\/\/www.masblanchijove.com\/es\/","name":"Mas Blanch i Jov\u00e9","description":"Mas Blanch i Jov\u00e9","publisher":{"@id":"https:\/\/www.masblanchijove.com\/es\/#organization"},"potentialAction":[{"@type":"SearchAction","target":{"@type":"EntryPoint","urlTemplate":"https:\/\/www.masblanchijove.com\/es\/?s={search_term_string}"},"query-input":{"@type":"PropertyValueSpecification","valueRequired":true,"valueName":"search_term_string"}}],"inLanguage":"es"},{"@type":"Organization","@id":"https:\/\/www.masblanchijove.com\/es\/#organization","name":"Mas Blanch i Jov\u00e9","url":"https:\/\/www.masblanchijove.com\/es\/","logo":{"@type":"ImageObject","inLanguage":"es","@id":"https:\/\/www.masblanchijove.com\/es\/#\/schema\/logo\/image\/","url":"https:\/\/www.masblanchijove.com\/wp-content\/uploads\/2018\/03\/LogoMasBlanchiJove_gris_gran.png","contentUrl":"https:\/\/www.masblanchijove.com\/wp-content\/uploads\/2018\/03\/LogoMasBlanchiJove_gris_gran.png","width":508,"height":173,"caption":"Mas Blanch i Jov\u00e9"},"image":{"@id":"https:\/\/www.masblanchijove.com\/es\/#\/schema\/logo\/image\/"},"sameAs":["https:\/\/www.facebook.com\/masblanchijove","https:\/\/x.com\/masblanchijove","https:\/\/www.instagram.com\/masblanchijove\/"]}]}},"_links":{"self":[{"href":"https:\/\/www.masblanchijove.com\/es\/wp-json\/wp\/v2\/product\/3390","targetHints":{"allow":["GET"]}}],"collection":[{"href":"https:\/\/www.masblanchijove.com\/es\/wp-json\/wp\/v2\/product"}],"about":[{"href":"https:\/\/www.masblanchijove.com\/es\/wp-json\/wp\/v2\/types\/product"}],"wp:featuredmedia":[{"embeddable":true,"href":"https:\/\/www.masblanchijove.com\/es\/wp-json\/wp\/v2\/media\/1708"}],"wp:attachment":[{"href":"https:\/\/www.masblanchijove.com\/es\/wp-json\/wp\/v2\/media?parent=3390"}],"wp:term":[{"taxonomy":"product_brand","embeddable":true,"href":"https:\/\/www.masblanchijove.com\/es\/wp-json\/wp\/v2\/product_brand?post=3390"},{"taxonomy":"product_cat","embeddable":true,"href":"https:\/\/www.masblanchijove.com\/es\/wp-json\/wp\/v2\/product_cat?post=3390"},{"taxonomy":"product_tag","embeddable":true,"href":"https:\/\/www.masblanchijove.com\/es\/wp-json\/wp\/v2\/product_tag?post=3390"}],"curies":[{"name":"wp","href":"https:\/\/api.w.org\/{rel}","templated":true}]}}