{"id":9965,"date":"2025-11-10T14:37:40","date_gmt":"2025-11-10T12:37:40","guid":{"rendered":"https:\/\/www.masblanchijove.com\/?post_type=product&#038;p=9965"},"modified":"2025-11-11T17:34:28","modified_gmt":"2025-11-11T15:34:28","slug":"una-velada-de-musica-y-vinos-con-olga-zoet-12-de-octubre-1830h-en-mas-blanch-i-jove","status":"publish","type":"product","link":"https:\/\/www.masblanchijove.com\/es\/producte\/una-velada-de-musica-y-vinos-con-olga-zoet-12-de-octubre-1830h-en-mas-blanch-i-jove\/","title":{"rendered":"Entrada evento Mas Blanch i Jov\u00e9"},"content":{"rendered":"<div class=\"fusion-fullwidth fullwidth-box fusion-builder-row-1 nonhundred-percent-fullwidth non-hundred-percent-height-scrolling\" style=\"--awb-border-radius-top-left:0px;--awb-border-radius-top-right:0px;--awb-border-radius-bottom-right:0px;--awb-border-radius-bottom-left:0px;--awb-flex-wrap:wrap;\" ><div class=\"fusion-builder-row fusion-row\"><div class=\"fusion-layout-column fusion_builder_column fusion-builder-column-0 fusion_builder_column_1_1 1_1 fusion-one-full fusion-column-first fusion-column-last\" style=\"--awb-bg-size:cover;--awb-margin-bottom:0px;\"><div class=\"fusion-column-wrapper fusion-flex-column-wrapper-legacy\"><div class=\"fusion-text fusion-text-1\"><h3 data-start=\"217\" data-end=\"298\">El Festival BMoll arriba al celler Mas Blanch i Jov\u00e9 amb el concert d\u2019Abril<\/h3>\n<p data-start=\"299\" data-end=\"346\"><strong data-start=\"299\" data-end=\"346\">La Pobla de C\u00e9rvoles, 8 de novembre de 2025<\/strong><\/p>\n<p data-start=\"348\" data-end=\"578\">El proper <strong data-start=\"358\" data-end=\"395\">dissabte 8 de novembre a les 12 h<\/strong>, el celler <strong data-start=\"407\" data-end=\"428\">Mas Blanch i Jov\u00e9<\/strong> acollir\u00e0 una nova parada del <strong data-start=\"458\" data-end=\"476\">Festival BMoll<\/strong>, el festival itinerant de les terres de Lleida que uneix m\u00fasica i patrimoni en escenaris singulars.<\/p>\n<p data-start=\"580\" data-end=\"898\">En aquesta ocasi\u00f3, la protagonista ser\u00e0 <strong data-start=\"620\" data-end=\"629\">Abril<\/strong>, una de les veus m\u00e9s personals i delicades de l\u2019escena catalana actual. Amb el seu univers po\u00e8tic i emocional, l\u2019artista oferir\u00e0 un concert <strong data-start=\"770\" data-end=\"813\">a la sala de botes de Mas Blanch i Jov\u00e9<\/strong>, un espai \u00fanic que convida a gaudir de la m\u00fasica en un entorn envoltat d\u2019art i vi.<\/p>\n<p data-start=\"900\" data-end=\"1172\">El concert forma part del cicle <strong data-start=\"932\" data-end=\"953\">\u201cBMoll \u2013 Cellers\u201d<\/strong>, organitzat per <strong data-start=\"970\" data-end=\"997\">Paupaterres Produccions<\/strong> amb el suport de la <strong data-start=\"1018\" data-end=\"1042\">DO Costers del Segre<\/strong>, la <strong data-start=\"1047\" data-end=\"1070\">Diputaci\u00f3 de Lleida<\/strong>, l\u2019<strong data-start=\"1074\" data-end=\"1106\">Institut d\u2019Estudis Ilerdencs<\/strong> i el <strong data-start=\"1112\" data-end=\"1169\">Departament de Cultura de la Generalitat de Catalunya<\/strong>.<\/p>\n<p data-start=\"1174\" data-end=\"1323\">Les entrades tenen un preu de <strong data-start=\"1204\" data-end=\"1223\">8 \u20ac anticipades<\/strong> i <strong data-start=\"1226\" data-end=\"1245\">10 \u20ac a taquilla<\/strong>, i es poden adquirir a trav\u00e9s del web del festival o directament al celler.<\/p>\n<p data-start=\"1325\" data-end=\"1622\"><strong data-start=\"1325\" data-end=\"1346\">Mas Blanch i Jov\u00e9<\/strong>, situat a la <strong data-start=\"1360\" data-end=\"1381\">Pobla de C\u00e9rvoles<\/strong>, combina <strong data-start=\"1391\" data-end=\"1411\">vi, art i natura<\/strong> en un entorn privilegiat a la <strong data-start=\"1442\" data-end=\"1463\">Serra de la Llena<\/strong>. El seu projecte, arrelat al territori i 100 % ecol\u00f2gic, \u00e9s tamb\u00e9 la llar de la <strong data-start=\"1544\" data-end=\"1567\">Vinya dels Artistes<\/strong>, un espai on conflueixen creaci\u00f3, paisatge i emoci\u00f3.<\/p>\n<p data-start=\"1624\" data-end=\"1844\">\ud83d\uddd3\ufe0f <strong data-start=\"1628\" data-end=\"1637\">Data:<\/strong> Dissabte 8 de novembre, 12 h<br data-start=\"1666\" data-end=\"1669\" \/>\ud83d\udccd <strong data-start=\"1672\" data-end=\"1681\">Lloc:<\/strong> Celler Mas Blanch i Jov\u00e9, La Pobla de C\u00e9rvoles<br data-start=\"1728\" data-end=\"1731\" \/>\ud83c\udf9f\ufe0f <strong data-start=\"1735\" data-end=\"1744\">Preu:<\/strong> 8 \u20ac anticipada \/ 10 \u20ac taquilla<br data-start=\"1775\" data-end=\"1778\" \/>\ud83d\udd17 <strong data-start=\"1781\" data-end=\"1793\">Artista:<\/strong> <a class=\"decorated-link\" href=\"https:\/\/www.abrilmusic.cat\" target=\"_new\" rel=\"noopener\" data-start=\"1794\" data-end=\"1842\">www.abrilmusic.cat<\/a><\/p>\n<\/div><div class=\"fusion-clearfix\"><\/div><\/div><\/div><\/div><\/div>\n","protected":false},"excerpt":{"rendered":"<p>\u00a1No te pierdas esta sesi\u00f3n \u00fanica!<\/p>\n","protected":false},"featured_media":9837,"template":"","meta":[],"product_brand":[],"product_cat":[140],"product_tag":[],"class_list":{"0":"post-9965","1":"product","2":"type-product","3":"status-publish","4":"has-post-thumbnail","6":"product_cat-eventos-es","8":"first","9":"instock","10":"virtual","11":"purchasable","12":"product-type-simple"},"yoast_head":"<!-- This site is optimized with the Yoast SEO plugin v27.4 - https:\/\/yoast.com\/product\/yoast-seo-wordpress\/ -->\n<title>Un d\u00eda de m\u00fasica, arte y vinos en Mas Blanch i Jov\u00e9<\/title>\n<meta name=\"description\" content=\"Inauguraci\u00f3n de la exposici\u00f3n de Marta V. Gasset y el concierto fusi\u00f3n de jazz y m\u00fasica brasile\u00f1a de Marta Duran en el Celler Mas Blanch i Jov\u00e9!\" \/>\n<meta name=\"robots\" content=\"index, follow, max-snippet:-1, max-image-preview:large, max-video-preview:-1\" \/>\n<link rel=\"canonical\" href=\"https:\/\/www.masblanchijove.com\/es\/producte\/una-velada-de-musica-y-vinos-con-olga-zoet-12-de-octubre-1830h-en-mas-blanch-i-jove\/\" \/>\n<meta property=\"og:locale\" content=\"es_ES\" \/>\n<meta property=\"og:type\" content=\"article\" \/>\n<meta property=\"og:title\" content=\"Un d\u00eda de m\u00fasica, arte y vinos en Mas Blanch i Jov\u00e9\" \/>\n<meta property=\"og:description\" content=\"Inauguraci\u00f3n de la exposici\u00f3n de Marta V. Gasset y el concierto fusi\u00f3n de jazz y m\u00fasica brasile\u00f1a de Marta Duran en el Celler Mas Blanch i Jov\u00e9!\" \/>\n<meta property=\"og:url\" content=\"https:\/\/www.masblanchijove.com\/es\/producte\/una-velada-de-musica-y-vinos-con-olga-zoet-12-de-octubre-1830h-en-mas-blanch-i-jove\/\" \/>\n<meta property=\"og:site_name\" content=\"Mas Blanch i Jov\u00e9\" \/>\n<meta property=\"article:publisher\" content=\"https:\/\/www.facebook.com\/masblanchijove\" \/>\n<meta property=\"article:modified_time\" content=\"2025-11-11T15:34:28+00:00\" \/>\n<meta property=\"og:image\" content=\"https:\/\/www.masblanchijove.com\/wp-content\/uploads\/2025\/10\/WhatsApp-Image-2025-10-16-at-17.39.09.jpeg\" \/>\n\t<meta property=\"og:image:width\" content=\"1600\" \/>\n\t<meta property=\"og:image:height\" content=\"1066\" \/>\n\t<meta property=\"og:image:type\" content=\"image\/jpeg\" \/>\n<meta name=\"twitter:card\" content=\"summary_large_image\" \/>\n<meta name=\"twitter:site\" content=\"@masblanchijove\" \/>\n<meta name=\"twitter:label1\" content=\"Tiempo de lectura\" \/>\n\t<meta name=\"twitter:data1\" content=\"2 minutos\" \/>\n<script type=\"application\/ld+json\" class=\"yoast-schema-graph\">{\"@context\":\"https:\\\/\\\/schema.org\",\"@graph\":[{\"@type\":\"WebPage\",\"@id\":\"https:\\\/\\\/www.masblanchijove.com\\\/es\\\/producte\\\/una-velada-de-musica-y-vinos-con-olga-zoet-12-de-octubre-1830h-en-mas-blanch-i-jove\\\/\",\"url\":\"https:\\\/\\\/www.masblanchijove.com\\\/es\\\/producte\\\/una-velada-de-musica-y-vinos-con-olga-zoet-12-de-octubre-1830h-en-mas-blanch-i-jove\\\/\",\"name\":\"Un d\u00eda de m\u00fasica, arte y vinos en Mas Blanch i Jov\u00e9\",\"isPartOf\":{\"@id\":\"https:\\\/\\\/www.masblanchijove.com\\\/es\\\/#website\"},\"primaryImageOfPage\":{\"@id\":\"https:\\\/\\\/www.masblanchijove.com\\\/es\\\/producte\\\/una-velada-de-musica-y-vinos-con-olga-zoet-12-de-octubre-1830h-en-mas-blanch-i-jove\\\/#primaryimage\"},\"image\":{\"@id\":\"https:\\\/\\\/www.masblanchijove.com\\\/es\\\/producte\\\/una-velada-de-musica-y-vinos-con-olga-zoet-12-de-octubre-1830h-en-mas-blanch-i-jove\\\/#primaryimage\"},\"thumbnailUrl\":\"https:\\\/\\\/www.masblanchijove.com\\\/wp-content\\\/uploads\\\/2025\\\/10\\\/WhatsApp-Image-2025-10-16-at-17.39.09.jpeg\",\"datePublished\":\"2025-11-10T12:37:40+00:00\",\"dateModified\":\"2025-11-11T15:34:28+00:00\",\"description\":\"Inauguraci\u00f3n de la exposici\u00f3n de Marta V. Gasset y el concierto fusi\u00f3n de jazz y m\u00fasica brasile\u00f1a de Marta Duran en el Celler Mas Blanch i Jov\u00e9!\",\"breadcrumb\":{\"@id\":\"https:\\\/\\\/www.masblanchijove.com\\\/es\\\/producte\\\/una-velada-de-musica-y-vinos-con-olga-zoet-12-de-octubre-1830h-en-mas-blanch-i-jove\\\/#breadcrumb\"},\"inLanguage\":\"es\",\"potentialAction\":[{\"@type\":\"ReadAction\",\"target\":[\"https:\\\/\\\/www.masblanchijove.com\\\/es\\\/producte\\\/una-velada-de-musica-y-vinos-con-olga-zoet-12-de-octubre-1830h-en-mas-blanch-i-jove\\\/\"]}]},{\"@type\":\"ImageObject\",\"inLanguage\":\"es\",\"@id\":\"https:\\\/\\\/www.masblanchijove.com\\\/es\\\/producte\\\/una-velada-de-musica-y-vinos-con-olga-zoet-12-de-octubre-1830h-en-mas-blanch-i-jove\\\/#primaryimage\",\"url\":\"https:\\\/\\\/www.masblanchijove.com\\\/wp-content\\\/uploads\\\/2025\\\/10\\\/WhatsApp-Image-2025-10-16-at-17.39.09.jpeg\",\"contentUrl\":\"https:\\\/\\\/www.masblanchijove.com\\\/wp-content\\\/uploads\\\/2025\\\/10\\\/WhatsApp-Image-2025-10-16-at-17.39.09.jpeg\",\"width\":1600,\"height\":1066,\"caption\":\"Abril\"},{\"@type\":\"BreadcrumbList\",\"@id\":\"https:\\\/\\\/www.masblanchijove.com\\\/es\\\/producte\\\/una-velada-de-musica-y-vinos-con-olga-zoet-12-de-octubre-1830h-en-mas-blanch-i-jove\\\/#breadcrumb\",\"itemListElement\":[{\"@type\":\"ListItem\",\"position\":1,\"name\":\"Inici\",\"item\":\"https:\\\/\\\/www.masblanchijove.com\\\/es\\\/\"},{\"@type\":\"ListItem\",\"position\":2,\"name\":\"Productos\",\"item\":\"https:\\\/\\\/www.masblanchijove.com\\\/es\\\/shop\\\/\"},{\"@type\":\"ListItem\",\"position\":3,\"name\":\"Entrada evento Mas Blanch i Jov\u00e9\"}]},{\"@type\":\"WebSite\",\"@id\":\"https:\\\/\\\/www.masblanchijove.com\\\/es\\\/#website\",\"url\":\"https:\\\/\\\/www.masblanchijove.com\\\/es\\\/\",\"name\":\"Mas Blanch i Jov\u00e9\",\"description\":\"Mas Blanch i Jov\u00e9\",\"publisher\":{\"@id\":\"https:\\\/\\\/www.masblanchijove.com\\\/es\\\/#organization\"},\"potentialAction\":[{\"@type\":\"SearchAction\",\"target\":{\"@type\":\"EntryPoint\",\"urlTemplate\":\"https:\\\/\\\/www.masblanchijove.com\\\/es\\\/?s={search_term_string}\"},\"query-input\":{\"@type\":\"PropertyValueSpecification\",\"valueRequired\":true,\"valueName\":\"search_term_string\"}}],\"inLanguage\":\"es\"},{\"@type\":\"Organization\",\"@id\":\"https:\\\/\\\/www.masblanchijove.com\\\/es\\\/#organization\",\"name\":\"Mas Blanch i Jov\u00e9\",\"url\":\"https:\\\/\\\/www.masblanchijove.com\\\/es\\\/\",\"logo\":{\"@type\":\"ImageObject\",\"inLanguage\":\"es\",\"@id\":\"https:\\\/\\\/www.masblanchijove.com\\\/es\\\/#\\\/schema\\\/logo\\\/image\\\/\",\"url\":\"https:\\\/\\\/www.masblanchijove.com\\\/wp-content\\\/uploads\\\/2018\\\/03\\\/LogoMasBlanchiJove_gris_gran.png\",\"contentUrl\":\"https:\\\/\\\/www.masblanchijove.com\\\/wp-content\\\/uploads\\\/2018\\\/03\\\/LogoMasBlanchiJove_gris_gran.png\",\"width\":508,\"height\":173,\"caption\":\"Mas Blanch i Jov\u00e9\"},\"image\":{\"@id\":\"https:\\\/\\\/www.masblanchijove.com\\\/es\\\/#\\\/schema\\\/logo\\\/image\\\/\"},\"sameAs\":[\"https:\\\/\\\/www.facebook.com\\\/masblanchijove\",\"https:\\\/\\\/x.com\\\/masblanchijove\",\"https:\\\/\\\/www.instagram.com\\\/masblanchijove\\\/\"]}]}<\/script>\n<!-- \/ Yoast SEO plugin. -->","yoast_head_json":{"title":"Un d\u00eda de m\u00fasica, arte y vinos en Mas Blanch i Jov\u00e9","description":"Inauguraci\u00f3n de la exposici\u00f3n de Marta V. Gasset y el concierto fusi\u00f3n de jazz y m\u00fasica brasile\u00f1a de Marta Duran en el Celler Mas Blanch i Jov\u00e9!","robots":{"index":"index","follow":"follow","max-snippet":"max-snippet:-1","max-image-preview":"max-image-preview:large","max-video-preview":"max-video-preview:-1"},"canonical":"https:\/\/www.masblanchijove.com\/es\/producte\/una-velada-de-musica-y-vinos-con-olga-zoet-12-de-octubre-1830h-en-mas-blanch-i-jove\/","og_locale":"es_ES","og_type":"article","og_title":"Un d\u00eda de m\u00fasica, arte y vinos en Mas Blanch i Jov\u00e9","og_description":"Inauguraci\u00f3n de la exposici\u00f3n de Marta V. Gasset y el concierto fusi\u00f3n de jazz y m\u00fasica brasile\u00f1a de Marta Duran en el Celler Mas Blanch i Jov\u00e9!","og_url":"https:\/\/www.masblanchijove.com\/es\/producte\/una-velada-de-musica-y-vinos-con-olga-zoet-12-de-octubre-1830h-en-mas-blanch-i-jove\/","og_site_name":"Mas Blanch i Jov\u00e9","article_publisher":"https:\/\/www.facebook.com\/masblanchijove","article_modified_time":"2025-11-11T15:34:28+00:00","og_image":[{"width":1600,"height":1066,"url":"https:\/\/www.masblanchijove.com\/wp-content\/uploads\/2025\/10\/WhatsApp-Image-2025-10-16-at-17.39.09.jpeg","type":"image\/jpeg"}],"twitter_card":"summary_large_image","twitter_site":"@masblanchijove","twitter_misc":{"Tiempo de lectura":"2 minutos"},"schema":{"@context":"https:\/\/schema.org","@graph":[{"@type":"WebPage","@id":"https:\/\/www.masblanchijove.com\/es\/producte\/una-velada-de-musica-y-vinos-con-olga-zoet-12-de-octubre-1830h-en-mas-blanch-i-jove\/","url":"https:\/\/www.masblanchijove.com\/es\/producte\/una-velada-de-musica-y-vinos-con-olga-zoet-12-de-octubre-1830h-en-mas-blanch-i-jove\/","name":"Un d\u00eda de m\u00fasica, arte y vinos en Mas Blanch i Jov\u00e9","isPartOf":{"@id":"https:\/\/www.masblanchijove.com\/es\/#website"},"primaryImageOfPage":{"@id":"https:\/\/www.masblanchijove.com\/es\/producte\/una-velada-de-musica-y-vinos-con-olga-zoet-12-de-octubre-1830h-en-mas-blanch-i-jove\/#primaryimage"},"image":{"@id":"https:\/\/www.masblanchijove.com\/es\/producte\/una-velada-de-musica-y-vinos-con-olga-zoet-12-de-octubre-1830h-en-mas-blanch-i-jove\/#primaryimage"},"thumbnailUrl":"https:\/\/www.masblanchijove.com\/wp-content\/uploads\/2025\/10\/WhatsApp-Image-2025-10-16-at-17.39.09.jpeg","datePublished":"2025-11-10T12:37:40+00:00","dateModified":"2025-11-11T15:34:28+00:00","description":"Inauguraci\u00f3n de la exposici\u00f3n de Marta V. Gasset y el concierto fusi\u00f3n de jazz y m\u00fasica brasile\u00f1a de Marta Duran en el Celler Mas Blanch i Jov\u00e9!","breadcrumb":{"@id":"https:\/\/www.masblanchijove.com\/es\/producte\/una-velada-de-musica-y-vinos-con-olga-zoet-12-de-octubre-1830h-en-mas-blanch-i-jove\/#breadcrumb"},"inLanguage":"es","potentialAction":[{"@type":"ReadAction","target":["https:\/\/www.masblanchijove.com\/es\/producte\/una-velada-de-musica-y-vinos-con-olga-zoet-12-de-octubre-1830h-en-mas-blanch-i-jove\/"]}]},{"@type":"ImageObject","inLanguage":"es","@id":"https:\/\/www.masblanchijove.com\/es\/producte\/una-velada-de-musica-y-vinos-con-olga-zoet-12-de-octubre-1830h-en-mas-blanch-i-jove\/#primaryimage","url":"https:\/\/www.masblanchijove.com\/wp-content\/uploads\/2025\/10\/WhatsApp-Image-2025-10-16-at-17.39.09.jpeg","contentUrl":"https:\/\/www.masblanchijove.com\/wp-content\/uploads\/2025\/10\/WhatsApp-Image-2025-10-16-at-17.39.09.jpeg","width":1600,"height":1066,"caption":"Abril"},{"@type":"BreadcrumbList","@id":"https:\/\/www.masblanchijove.com\/es\/producte\/una-velada-de-musica-y-vinos-con-olga-zoet-12-de-octubre-1830h-en-mas-blanch-i-jove\/#breadcrumb","itemListElement":[{"@type":"ListItem","position":1,"name":"Inici","item":"https:\/\/www.masblanchijove.com\/es\/"},{"@type":"ListItem","position":2,"name":"Productos","item":"https:\/\/www.masblanchijove.com\/es\/shop\/"},{"@type":"ListItem","position":3,"name":"Entrada evento Mas Blanch i Jov\u00e9"}]},{"@type":"WebSite","@id":"https:\/\/www.masblanchijove.com\/es\/#website","url":"https:\/\/www.masblanchijove.com\/es\/","name":"Mas Blanch i Jov\u00e9","description":"Mas Blanch i Jov\u00e9","publisher":{"@id":"https:\/\/www.masblanchijove.com\/es\/#organization"},"potentialAction":[{"@type":"SearchAction","target":{"@type":"EntryPoint","urlTemplate":"https:\/\/www.masblanchijove.com\/es\/?s={search_term_string}"},"query-input":{"@type":"PropertyValueSpecification","valueRequired":true,"valueName":"search_term_string"}}],"inLanguage":"es"},{"@type":"Organization","@id":"https:\/\/www.masblanchijove.com\/es\/#organization","name":"Mas Blanch i Jov\u00e9","url":"https:\/\/www.masblanchijove.com\/es\/","logo":{"@type":"ImageObject","inLanguage":"es","@id":"https:\/\/www.masblanchijove.com\/es\/#\/schema\/logo\/image\/","url":"https:\/\/www.masblanchijove.com\/wp-content\/uploads\/2018\/03\/LogoMasBlanchiJove_gris_gran.png","contentUrl":"https:\/\/www.masblanchijove.com\/wp-content\/uploads\/2018\/03\/LogoMasBlanchiJove_gris_gran.png","width":508,"height":173,"caption":"Mas Blanch i Jov\u00e9"},"image":{"@id":"https:\/\/www.masblanchijove.com\/es\/#\/schema\/logo\/image\/"},"sameAs":["https:\/\/www.facebook.com\/masblanchijove","https:\/\/x.com\/masblanchijove","https:\/\/www.instagram.com\/masblanchijove\/"]}]}},"_links":{"self":[{"href":"https:\/\/www.masblanchijove.com\/es\/wp-json\/wp\/v2\/product\/9965","targetHints":{"allow":["GET"]}}],"collection":[{"href":"https:\/\/www.masblanchijove.com\/es\/wp-json\/wp\/v2\/product"}],"about":[{"href":"https:\/\/www.masblanchijove.com\/es\/wp-json\/wp\/v2\/types\/product"}],"wp:featuredmedia":[{"embeddable":true,"href":"https:\/\/www.masblanchijove.com\/es\/wp-json\/wp\/v2\/media\/9837"}],"wp:attachment":[{"href":"https:\/\/www.masblanchijove.com\/es\/wp-json\/wp\/v2\/media?parent=9965"}],"wp:term":[{"taxonomy":"product_brand","embeddable":true,"href":"https:\/\/www.masblanchijove.com\/es\/wp-json\/wp\/v2\/product_brand?post=9965"},{"taxonomy":"product_cat","embeddable":true,"href":"https:\/\/www.masblanchijove.com\/es\/wp-json\/wp\/v2\/product_cat?post=9965"},{"taxonomy":"product_tag","embeddable":true,"href":"https:\/\/www.masblanchijove.com\/es\/wp-json\/wp\/v2\/product_tag?post=9965"}],"curies":[{"name":"wp","href":"https:\/\/api.w.org\/{rel}","templated":true}]}}